{"id":1038,"date":"2025-09-01T22:53:38","date_gmt":"2025-09-01T22:53:38","guid":{"rendered":"https:\/\/anker-capital.ch\/praesentieren-sie-uns-ihre-ideen\/"},"modified":"2026-02-18T14:51:37","modified_gmt":"2026-02-18T14:51:37","slug":"idee-praesentieren","status":"publish","type":"page","link":"https:\/\/anker-capital.ch\/de\/idee-praesentieren\/","title":{"rendered":"Idee pr\u00e4sentieren"},"content":{"rendered":"","protected":false},"excerpt":{"rendered":"","protected":false},"author":1,"featured_media":0,"parent":0,"menu_order":0,"comment_status":"closed","ping_status":"closed","template":"","meta":{"slim_seo":{"title":"Idee pr\u00e4sentieren - Anker Capital AG","description":"Idee pr\u00e4sentieren Kontaktformular F\u00fcr Anfragen zu Impact Investing und B2B-SaaS-Investitionsm\u00f6glichkeiten wenden Sie sich bitte direkt an unser Team. Wir freuen"},"footnotes":""},"class_list":["post-1038","page","type-page","status-publish","hentry"],"_links":{"self":[{"href":"https:\/\/anker-capital.ch\/de\/wp-json\/wp\/v2\/pages\/1038","targetHints":{"allow":["GET"]}}],"collection":[{"href":"https:\/\/anker-capital.ch\/de\/wp-json\/wp\/v2\/pages"}],"about":[{"href":"https:\/\/anker-capital.ch\/de\/wp-json\/wp\/v2\/types\/page"}],"author":[{"embeddable":true,"href":"https:\/\/anker-capital.ch\/de\/wp-json\/wp\/v2\/users\/1"}],"replies":[{"embeddable":true,"href":"https:\/\/anker-capital.ch\/de\/wp-json\/wp\/v2\/comments?post=1038"}],"version-history":[{"count":7,"href":"https:\/\/anker-capital.ch\/de\/wp-json\/wp\/v2\/pages\/1038\/revisions"}],"predecessor-version":[{"id":1347,"href":"https:\/\/anker-capital.ch\/de\/wp-json\/wp\/v2\/pages\/1038\/revisions\/1347"}],"wp:attachment":[{"href":"https:\/\/anker-capital.ch\/de\/wp-json\/wp\/v2\/media?parent=1038"}],"curies":[{"name":"wp","href":"https:\/\/api.w.org\/{rel}","templated":true}]}}