{"id":1041,"date":"2025-09-01T22:54:28","date_gmt":"2025-09-01T22:54:28","guid":{"rendered":"https:\/\/anker-capital.ch\/datenschutzerklaerung\/"},"modified":"2025-10-29T07:15:24","modified_gmt":"2025-10-29T07:15:24","slug":"datenschutzerklaerung","status":"publish","type":"page","link":"https:\/\/anker-capital.ch\/de\/datenschutzerklaerung\/","title":{"rendered":"Datenschutzerkl\u00e4rung"},"content":{"rendered":"","protected":false},"excerpt":{"rendered":"","protected":false},"author":1,"featured_media":0,"parent":0,"menu_order":0,"comment_status":"closed","ping_status":"closed","template":"","meta":{"slim_seo":{"title":"Datenschutzerkl\u00e4rung - Anker Capital AG","description":"Datenschutzerkl\u00e4rung Datenschutzerkl\u00e4rung Die Anker Capital AG ist bestrebt, Ihre Privatsph\u00e4re zu sch\u00fctzen und die Vertraulichkeit von Informationen im Zusammen"},"footnotes":""},"class_list":["post-1041","page","type-page","status-publish","hentry"],"_links":{"self":[{"href":"https:\/\/anker-capital.ch\/de\/wp-json\/wp\/v2\/pages\/1041","targetHints":{"allow":["GET"]}}],"collection":[{"href":"https:\/\/anker-capital.ch\/de\/wp-json\/wp\/v2\/pages"}],"about":[{"href":"https:\/\/anker-capital.ch\/de\/wp-json\/wp\/v2\/types\/page"}],"author":[{"embeddable":true,"href":"https:\/\/anker-capital.ch\/de\/wp-json\/wp\/v2\/users\/1"}],"replies":[{"embeddable":true,"href":"https:\/\/anker-capital.ch\/de\/wp-json\/wp\/v2\/comments?post=1041"}],"version-history":[{"count":2,"href":"https:\/\/anker-capital.ch\/de\/wp-json\/wp\/v2\/pages\/1041\/revisions"}],"predecessor-version":[{"id":1183,"href":"https:\/\/anker-capital.ch\/de\/wp-json\/wp\/v2\/pages\/1041\/revisions\/1183"}],"wp:attachment":[{"href":"https:\/\/anker-capital.ch\/de\/wp-json\/wp\/v2\/media?parent=1041"}],"curies":[{"name":"wp","href":"https:\/\/api.w.org\/{rel}","templated":true}]}}